{"id":550,"date":"2022-08-14T10:11:56","date_gmt":"2022-08-14T10:11:56","guid":{"rendered":"https:\/\/mgreif.com\/myrecipes\/?page_id=550"},"modified":"2023-03-09T02:48:21","modified_gmt":"2023-03-09T02:48:21","slug":"disclaimer","status":"publish","type":"page","link":"https:\/\/mgreif.com\/myrecipes\/disclaimer\/","title":{"rendered":"Haftungsausschluss"},"content":{"rendered":"<h1><span><span class=\"\">Haftungsausschluss f\u00fcr Manfreds K\u00fcche<\/span><\/span><\/h1>\n<p><span>Wenn Sie weitere Informationen ben\u00f6tigen oder Fragen zum Haftungsausschluss unserer Website haben, wenden Sie sich bitte per E-Mail an mail@mgreif.com<\/span><\/p>\n<h2><span>Haftungsausschluss f\u00fcr Manfred&#8217;s Kitchen<\/span><\/h2>\n<p><span>Manfred&#8217;s Kitchen\u00a0<\/span><span>\u00fcbernimmt keine Verantwortung f\u00fcr Fehler oder Auslassungen in den Inhalten des Dienstes.<\/span><\/p>\n<p><span>Alle Informationen auf dieser Website \u2013 https:\/\/mgreif.com\/myrecipes \u2013 werden in gutem Glauben und nur zu allgemeinen Informationszwecken ver\u00f6ffentlicht.\u00a0Manfred&#8217;s Kitchen \u00fcbernimmt keine Gew\u00e4hr f\u00fcr die Vollst\u00e4ndigkeit, Zuverl\u00e4ssigkeit und Genauigkeit dieser Informationen.\u00a0Alle Ma\u00dfnahmen, die Sie aufgrund der Informationen ergreifen, die Sie auf dieser Website (Manfred&#8217;s Kitchen) finden, erfolgen ausschlie\u00dflich auf Ihr eigenes Risiko.\u00a0Manfred&#8217;s Kitchen haftet nicht f\u00fcr Verluste und\/oder Sch\u00e4den im Zusammenhang mit der Nutzung unserer Website.<\/span><\/p>\n<p><span>In keinem Fall haftet Manfred&#8217;s Kitchen f\u00fcr besondere, direkte, indirekte, Folge- oder Nebensch\u00e4den oder Sch\u00e4den jeglicher Art, sei es aus einer Vertragshandlung, Fahrl\u00e4ssigkeit oder einer anderen unerlaubten Handlung, die sich aus oder im Zusammenhang mit der Nutzung des Dienstes ergeben oder die Inhalte des Dienstes.\u00a0Manfred&#8217;s Kitchen beh\u00e4lt sich das Recht vor, jederzeit ohne vorherige Ank\u00fcndigung Erg\u00e4nzungen, L\u00f6schungen oder \u00c4nderungen an den Inhalten des Dienstes vorzunehmen.<\/span><\/p>\n<p><span>Manfred&#8217;s Kitchen garantiert nicht, dass die Website frei von Viren oder anderen sch\u00e4dlichen Bestandteilen ist.<\/span><\/p>\n<p><span>Von unserer Website aus k\u00f6nnen Sie andere Websites besuchen, indem Sie Hyperlinks zu solchen externen Websites folgen.\u00a0Obwohl wir bestrebt sind, nur qualitativ hochwertige Links zu n\u00fctzlichen und ethischen Websites bereitzustellen, haben wir keine Kontrolle \u00fcber den Inhalt und die Art dieser Websites.\u00a0Diese Links zu anderen Websites implizieren keine Empfehlung f\u00fcr alle Inhalte, die auf diesen Websites zu finden sind.\u00a0Websitebesitzer und Inhalte k\u00f6nnen sich ohne Vorank\u00fcndigung \u00e4ndern und k\u00f6nnen auftreten, bevor wir die M\u00f6glichkeit haben, einen Link zu entfernen, der m\u00f6glicherweise \u201eschlecht\u201c geworden ist.<\/span><\/p>\n<p><span>Bitte beachten Sie, dass die Manfred&#8217;s Kitchen die Genauigkeit, Relevanz, Aktualit\u00e4t oder Vollst\u00e4ndigkeit von Informationen auf diesen externen Websites nicht garantiert.<\/span><\/p>\n<p><span><span class=\"\">Bitte beachten Sie auch, dass, wenn Sie unsere Website verlassen, andere Websites m\u00f6glicherweise andere Datenschutzrichtlinien und Bedingungen haben, die au\u00dferhalb unserer Kontrolle liegen.\u00a0<\/span>Bitte \u00fcberpr\u00fcfen Sie unbedingt die Datenschutzrichtlinien dieser Websites sowie deren \u201eNutzungsbedingungen\u201c, bevor Sie Gesch\u00e4fte t\u00e4tigen oder Informationen hochladen.<\/span><\/p>\n<h2><span>Zustimmung<\/span><\/h2>\n<p><span>Durch die Nutzung unserer Website stimmen Sie hiermit unserem Haftungsausschluss zu und stimmen seinen Bedingungen zu.<\/span><\/p>\n<h2><span>Aktualisieren<\/span><\/h2>\n<p><span>Sollten wir dieses Dokument aktualisieren, erg\u00e4nzen oder \u00c4nderungen daran vornehmen, werden diese \u00c4nderungen an prominenter Stelle hier ver\u00f6ffentlicht.<\/span><\/p>\n<h1><script async src=\"https:\/\/pagead2.googlesyndication.com\/pagead\/js\/adsbygoogle.js?client=ca-pub-5818758647109599\" crossorigin=\"anonymous\"><\/script><\/h1>\n<p><!-- Manfred's Kitchen --><br \/>\n<ins class=\"adsbygoogle\" style=\"display: block;\" data-ad-client=\"ca-pub-5818758647109599\" data-ad-slot=\"9661755068\" data-ad-format=\"auto\" data-full-width-responsive=\"true\"><\/ins><br \/>\n<script>\n     (adsbygoogle = window.adsbygoogle || []).push({});\n<\/script><\/p>\n","protected":false},"excerpt":{"rendered":"<p>Haftungsausschluss f\u00fcr Manfreds K\u00fcche Wenn Sie weitere Informationen ben\u00f6tigen oder Fragen zum Haftungsausschluss unserer Website haben, wenden Sie sich bitte per E-Mail an mail@mgreif.com Haftungsausschluss&hellip;<\/p>\n","protected":false},"author":1,"featured_media":0,"parent":0,"menu_order":0,"comment_status":"closed","ping_status":"closed","template":"","meta":{"footnotes":""},"class_list":["post-550","page","type-page","status-publish","hentry"],"_links":{"self":[{"href":"https:\/\/mgreif.com\/myrecipes\/wp-json\/wp\/v2\/pages\/550","targetHints":{"allow":["GET"]}}],"collection":[{"href":"https:\/\/mgreif.com\/myrecipes\/wp-json\/wp\/v2\/pages"}],"about":[{"href":"https:\/\/mgreif.com\/myrecipes\/wp-json\/wp\/v2\/types\/page"}],"author":[{"embeddable":true,"href":"https:\/\/mgreif.com\/myrecipes\/wp-json\/wp\/v2\/users\/1"}],"replies":[{"embeddable":true,"href":"https:\/\/mgreif.com\/myrecipes\/wp-json\/wp\/v2\/comments?post=550"}],"version-history":[{"count":0,"href":"https:\/\/mgreif.com\/myrecipes\/wp-json\/wp\/v2\/pages\/550\/revisions"}],"wp:attachment":[{"href":"https:\/\/mgreif.com\/myrecipes\/wp-json\/wp\/v2\/media?parent=550"}],"curies":[{"name":"wp","href":"https:\/\/api.w.org\/{rel}","templated":true}]}}