{"id":2491,"date":"2023-05-04T15:38:53","date_gmt":"2023-05-04T06:08:53","guid":{"rendered":"https:\/\/mgreif.com\/myrecipes\/?page_id=2491"},"modified":"2023-05-04T15:38:53","modified_gmt":"2023-05-04T06:08:53","slug":"die-tipps-der-profikoche-fur-perfekt-gegrilltes-gemuse","status":"publish","type":"page","link":"https:\/\/mgreif.com\/myrecipes\/die-tipps-der-profikoche-fur-perfekt-gegrilltes-gemuse\/","title":{"rendered":"Die Tipps der Profik\u00f6che f\u00fcr perfekt gegrilltes Gem\u00fcse"},"content":{"rendered":"<p><img fetchpriority=\"high\" decoding=\"async\" class=\"alignnone size-full wp-image-2492\" src=\"https:\/\/mgreif.com\/myrecipes\/wp-content\/uploads\/2023\/05\/AAKyhfE.jpg\" alt=\"\" width=\"623\" height=\"415\" srcset=\"https:\/\/mgreif.com\/myrecipes\/wp-content\/uploads\/2023\/05\/AAKyhfE.jpg 623w, https:\/\/mgreif.com\/myrecipes\/wp-content\/uploads\/2023\/05\/AAKyhfE-300x200.jpg 300w\" sizes=\"(max-width: 623px) 100vw, 623px\" \/><\/p>\n<h2 class=\"typography-DS-EntryPoint2-5 typography-DS-EntryPoint2-24 typography__5-DS-EntryPoint2-1 typography__5-DS-EntryPoint2-8\">Auf dem Grill zubereitet<\/h2>\n<div class=\"slideMetadata_content-DS-EntryPoint2-4 slideMetadata_content-DS-EntryPoint2-22\">\n<p>Bevor es auf dem Grill landet, solltet ihr das das Gem\u00fcse kurz vorgaren oder, noch besser, in Oliven\u00f6l und Gew\u00fcrzen marinieren. Wenn ihr euch f\u00fcrs Marinieren entscheidet, solltet ihr es sehr gut abtropfen lassen, damit kein \u00d6l auf den Grill f\u00e4llt, da das Gem\u00fcse sonst zu leicht an- oder verbrennt. Eine gute Alternative zum Grill ist vielleicht die Plancha, die eine schonendere Zubereitung erlaubt.<\/p>\n<p><img decoding=\"async\" class=\"alignnone size-full wp-image-2493\" src=\"https:\/\/mgreif.com\/myrecipes\/wp-content\/uploads\/2023\/05\/AAKy3EN.jpg\" alt=\"\" width=\"622\" height=\"415\" srcset=\"https:\/\/mgreif.com\/myrecipes\/wp-content\/uploads\/2023\/05\/AAKy3EN.jpg 622w, https:\/\/mgreif.com\/myrecipes\/wp-content\/uploads\/2023\/05\/AAKy3EN-300x200.jpg 300w, https:\/\/mgreif.com\/myrecipes\/wp-content\/uploads\/2023\/05\/AAKy3EN-410x275.jpg 410w\" sizes=\"(max-width: 622px) 100vw, 622px\" \/><\/p>\n<h2 class=\"typography-DS-EntryPoint2-5 typography-DS-EntryPoint2-26 typography__5-DS-EntryPoint2-1 typography__5-DS-EntryPoint2-9\">In der Schale kandieren lassen<\/h2>\n<div class=\"slideMetadata_content-DS-EntryPoint2-4 slideMetadata_content-DS-EntryPoint2-25\">\n<p>Paprika und Auberginen werden besonders k\u00f6stlich, wenn sie &#8220;im eigenen Saft&#8221; schmoren k\u00f6nnen. Gebt sie einfach ganz und mit Schale auf den Grill und wendet sie regelm\u00e4\u00dfig, um ein gleichm\u00e4\u00dfiges Garen zu gew\u00e4hrleisten. Die Schale kann von allen Seiten leicht angebrannt, also dunkelbraun bis schwarz sein, da sie vor dem Verzehr sowieso entfernt wird. Wenn das Gem\u00fcse sch\u00f6n weich ist und sie Schale rundherum Blasen wirft, nehmt es vom Grill. Sch\u00e4lt es, betr\u00e4ufelt es mit etwas Zitronensaft und genie\u00dft das rauchig-s\u00fc\u00df-fruchtige Aroma des Gem\u00fcses.<\/p>\n<p><img decoding=\"async\" class=\"alignnone size-full wp-image-2494\" src=\"https:\/\/mgreif.com\/myrecipes\/wp-content\/uploads\/2023\/05\/AAKyjLA.jpg\" alt=\"\" width=\"627\" height=\"415\" srcset=\"https:\/\/mgreif.com\/myrecipes\/wp-content\/uploads\/2023\/05\/AAKyjLA.jpg 627w, https:\/\/mgreif.com\/myrecipes\/wp-content\/uploads\/2023\/05\/AAKyjLA-300x199.jpg 300w\" sizes=\"(max-width: 627px) 100vw, 627px\" \/><\/p>\n<h2 class=\"typography-DS-EntryPoint2-5 typography-DS-EntryPoint2-32 typography__5-DS-EntryPoint2-1 typography__5-DS-EntryPoint2-10\">Auf die Gr\u00f6\u00dfe kommt es an<\/h2>\n<div class=\"slideMetadata_content-DS-EntryPoint2-4 slideMetadata_content-DS-EntryPoint2-30\">\n<p>Achtet bei jeder Zubereitung auf die Gr\u00f6\u00dfe des Gem\u00fcses. Je gr\u00f6\u00dfer es ist, desto l\u00e4nger muss man warten, bis es innen gut gegart ist. Es besteht die Gefahr, dass es au\u00dfen verkohlt. Achtet also beim Schneiden auf eine gleichm\u00e4\u00dfige Gr\u00f6\u00dfe.<\/p>\n<\/div>\n<\/div>\n<\/div>\n","protected":false},"excerpt":{"rendered":"<p>Auf dem Grill zubereitet Bevor es auf dem Grill landet, solltet ihr das das Gem\u00fcse kurz vorgaren oder, noch besser, in Oliven\u00f6l und Gew\u00fcrzen marinieren.&hellip;<\/p>\n","protected":false},"author":1,"featured_media":0,"parent":0,"menu_order":0,"comment_status":"closed","ping_status":"closed","template":"","meta":{"footnotes":""},"class_list":["post-2491","page","type-page","status-publish","hentry"],"_links":{"self":[{"href":"https:\/\/mgreif.com\/myrecipes\/wp-json\/wp\/v2\/pages\/2491","targetHints":{"allow":["GET"]}}],"collection":[{"href":"https:\/\/mgreif.com\/myrecipes\/wp-json\/wp\/v2\/pages"}],"about":[{"href":"https:\/\/mgreif.com\/myrecipes\/wp-json\/wp\/v2\/types\/page"}],"author":[{"embeddable":true,"href":"https:\/\/mgreif.com\/myrecipes\/wp-json\/wp\/v2\/users\/1"}],"replies":[{"embeddable":true,"href":"https:\/\/mgreif.com\/myrecipes\/wp-json\/wp\/v2\/comments?post=2491"}],"version-history":[{"count":0,"href":"https:\/\/mgreif.com\/myrecipes\/wp-json\/wp\/v2\/pages\/2491\/revisions"}],"wp:attachment":[{"href":"https:\/\/mgreif.com\/myrecipes\/wp-json\/wp\/v2\/media?parent=2491"}],"curies":[{"name":"wp","href":"https:\/\/api.w.org\/{rel}","templated":true}]}}