{"id":1142,"date":"2023-03-06T02:00:42","date_gmt":"2023-03-06T02:00:42","guid":{"rendered":"https:\/\/mgreif.com\/myrecipes\/?page_id=1142"},"modified":"2023-03-09T02:36:43","modified_gmt":"2023-03-09T02:36:43","slug":"privacy-policy-3","status":"publish","type":"page","link":"https:\/\/mgreif.com\/myrecipes\/privacy-policy-3\/","title":{"rendered":"Datenschutz-Bestimmungen"},"content":{"rendered":"<p class=\"lead has-large-font-size\"><strong><span>Manfred&#8217;s Kitchen \u2013 Meine Lieblingsrezepte<\/span><\/strong><span>\u00a0WEBSITE verpflichtet sich, Ihre Privatsph\u00e4re zu sch\u00fctzen und zu respektieren.\u00a0Diese Richtlinie legt die Grundlage fest, auf der alle personenbezogenen Daten, die wir von Ihnen erheben oder die Sie uns zur Verf\u00fcgung stellen, verarbeitet werden.<\/span><\/p>\n<h2><span>Die Informationen, die wir sammeln<\/span><\/h2>\n<p><span>Zu den personenbezogenen Daten geh\u00f6ren Informationen \u00fcber alles, was Sie auf der Webseite abschlie\u00dfen, auf der wir sie erfassen, und m\u00f6glicherweise auch Ihre IP-Adresse.<\/span><\/p>\n<p><span>Wir k\u00f6nnen personenbezogene Daten an folgenden Orten erfassen:<\/span><\/p>\n<ul>\n<li><span>Unsere Website, einschlie\u00dflich Cookies, es sei denn, Sie konfigurieren Ihren Webbrowser so, dass er sie nicht akzeptiert<\/span><\/li>\n<li><span>\u00dcber Social-Media-Kan\u00e4le<\/span><\/li>\n<li><span>Durch\u00a0<\/span><sup><span>Dritte<\/span><\/sup><span>\u00a0\u00a0, die eine Dienstleistung f\u00fcr uns erbringen (z. B. Tischreservierung oder Kauf von Geschenkgutscheinen)<\/span><\/li>\n<li><span>Wenn Sie uns diese anderweitig freiwillig zur Verf\u00fcgung stellen (z. B. Ausf\u00fcllen eines Feedback-Formulars)<\/span><\/li>\n<\/ul>\n<p><span>Wir k\u00f6nnen diese Informationen verwenden, um Sie per E-Mail oder auf andere Weise bez\u00fcglich Ihrer Transaktion zu kontaktieren. Wir verwenden diese Informationen jedoch nur f\u00fcr Marketingzwecke an Sie, wenn Sie uns ausdr\u00fccklich Ihre Zustimmung dazu gegeben haben.<\/span><\/p>\n<p><span>Unsere Website kann Links zu anderen enthalten;\u00a0Wir unterst\u00fctzen oder \u00fcbernehmen keine Verantwortung oder Haftung f\u00fcr diese anderen Websites. Bitte beachten Sie daher beim Besuch anderer Websites, dass wir keine Kontrolle \u00fcber den Inhalt dieser Websites haben.\u00a0Bitte stellen Sie auch sicher, dass Sie Vorkehrungen getroffen haben, um sicherzustellen, dass Downloads usw. sicher sind.<\/span><\/p>\n<p><span>Daten k\u00f6nnen von Mitarbeitern eines unserer vertrauensw\u00fcrdigen Lieferanten an einen Bestimmungsort au\u00dferhalb des Europ\u00e4ischen Wirtschaftsraums \u00fcbertragen, verarbeitet und gespeichert werden.<\/span><\/p>\n<p><span>Leider ist die \u00dcbertragung von Informationen \u00fcber das Internet nicht vollst\u00e4ndig sicher, und obwohl wir unser Bestes tun, um Ihre pers\u00f6nlichen Daten zu sch\u00fctzen, k\u00f6nnen wir deren Sicherheit nicht garantieren.\u00a0Jegliche \u00dcbermittlung erfolgt auf eigene Gefahr.<\/span><\/p>\n<p><span>Alle \u00c4nderungen, die wir in Zukunft an unserer Datenschutzrichtlinie vornehmen, werden auf dieser Seite ver\u00f6ffentlicht und Ihnen gegebenenfalls per E-Mail gem\u00e4\u00df den Allgemeinen Datenschutzbestimmungen (DSGVO) mitgeteilt.<\/span><\/p>\n<p><span>Durch das Surfen auf dieser Website und die elektronische Kommunikation mit uns erkennen Sie unsere Verarbeitung personenbezogener Daten auf diese Weise an und stimmen ihr zu.<\/span><\/p>\n<h2><span>Cookies<\/span><\/h2>\n<p><span>Cookies sind winzige, harmlose Textdateien, die an Ihren Computer oder Ihr Mobiltelefon gesendet werden, wenn Sie eine Website besuchen, und es gibt verschiedene Arten von Cookies \u2013 das sind die Cookies, die wir auf unseren Websites verwenden.<\/span><\/p>\n<p><strong><span>Persistente Cookies<\/span><\/strong><span>\u00a0\u00a0, die uns dabei helfen, Ihnen eine bessere Website bereitzustellen, indem sie es uns erm\u00f6glichen, zu \u00fcberwachen, welche Seiten Sie n\u00fctzlich finden und welche nicht.<\/span><\/p>\n<p><strong><span>Sitzungscookies<\/span><\/strong><span>\u00a0\u00a0, die Ihre Auswahl bei der Nutzung des Webbuchungssystems speichern \u2013 diese sind f\u00fcr das Funktionieren der Website unerl\u00e4sslich und wenn Sie deaktiviert sind, k\u00f6nnen Sie diesen Teil der Website nicht nutzen.<\/span><\/p>\n<p><strong><span>Google Analytics-Cookies<\/span><\/strong><span>\u00a0\u00a0\u2013 werden verwendet, um mehr dar\u00fcber zu erfahren, wie die Website verwendet wird, um die Benutzererfahrung zu verbessern, jedoch sind alle Daten anonym.\u00a0Mehr erfahren Sie\u00a0\u00a0<\/span><a href=\"http:\/\/www.google.com\/analytics\/learn\/privacy.html\" target=\"_blank\" rel=\"noreferrer noopener\"><span>hier.<\/span><\/a><\/p>\n<p><strong><span>Kartierung<\/span><\/strong><span>\u00a0\u00a0\u2013 Wir verfolgen Ihren Standort, um Wegbeschreibungen und Karten \u00fcber Google und\/oder Mapbox bereitzustellen.\u00a0Weitere Informationen finden Sie bei\u00a0\u00a0<\/span><a href=\"http:\/\/maps.google.co.uk\/\" target=\"_blank\" rel=\"noreferrer noopener\"><span>Google<\/span><\/a><span>\u00a0\u00a0und\u00a0\u00a0<\/span><a href=\"https:\/\/www.mapbox.com\/privacy\/\" target=\"_blank\" rel=\"noreferrer noopener\"><span>Mapbox<\/span><\/a><span>\u00a0.<\/span><\/p>\n<p><span>Sie k\u00f6nnen Cookies akzeptieren oder ablehnen.\u00a0Die meisten Webbrowser akzeptieren Cookies automatisch auf der Grundlage einer stillschweigenden Zustimmung, aber Sie k\u00f6nnen Ihre Browsereinstellungen so \u00e4ndern, dass Cookies abgelehnt werden, wenn Sie dies bevorzugen, obwohl dies Sie m\u00f6glicherweise daran hindert, die Website voll auszunutzen.\u00a0Um weitere Informationen \u00fcber Cookies zu erhalten und wie Sie sie kontrollieren oder l\u00f6schen k\u00f6nnen, empfehlen wir Ihnen,\u00a0\u00a0<\/span><a href=\"http:\/\/www.aboutcookies.org\/\" target=\"_blank\" rel=\"noreferrer noopener\"><span>aboutcookies<\/span><\/a><span>\u00a0zu besuchen .<\/span><\/p>\n<h2><span>Sozialen Medien<\/span><\/h2>\n<p><span>Wenn Sie auf Schaltfl\u00e4chen f\u00fcr soziale Netzwerke klicken, um Seiten zu teilen oder zu markieren, sollten Sie sich dar\u00fcber im Klaren sein, dass diese Websites wahrscheinlich Informationen dar\u00fcber sammeln, was Sie auf unserer Website und im weiteren Internet tun \u2013 dazu k\u00f6nnen unter anderem Google und Facebook geh\u00f6ren.\u00a0Sie sollten die jeweiligen Datenschutzrichtlinien dieser Websites \u00fcberpr\u00fcfen, um herauszufinden, was sie mit Ihren pers\u00f6nlichen Daten tun und wie Sie sich abmelden oder Ihre Daten l\u00f6schen k\u00f6nnen.<\/span><\/p>\n<h2><span>E-Mail-Newsletter-Anmeldung<\/span><\/h2>\n<p><span>Wir verwenden Ihre personenbezogenen Daten nur, um Sie mit Newslettern, Marketing- oder Werbematerialien und anderen Informationen zu kontaktieren, die f\u00fcr Sie von Interesse sein k\u00f6nnten, wenn Sie sich angemeldet und uns ausdr\u00fccklich Ihre Zustimmung dazu gegeben haben.\u00a0Wir verkaufen keine Kundendaten oder Mailinglisten an Dritte.\u00a0Sie k\u00f6nnen den Erhalt dieser Mitteilungen von uns ablehnen, indem Sie dem Link zum Abbestellen folgen, der in jeder von uns gesendeten E-Mail enthalten ist.<\/span><\/p>\n<h2><span>Dritte<\/span><\/h2>\n<p><span><span class=\"\">Drittanbieter (wie Online-Reservierungssysteme, Google und Social-Media-Websites), die auf unserer Website vertreten sind, k\u00f6nnen ebenfalls Cookies verwenden, um sicherzustellen, dass ihre Funktionen und Prozesse ordnungsgem\u00e4\u00df funktionieren.\u00a0<\/span>Bitte beachten Sie, dass wir nicht f\u00fcr die Verwendung von Cookies auf diesen Websites und Funktionen verantwortlich sind.<\/span><\/p>\n","protected":false},"excerpt":{"rendered":"<p>Manfred&#8217;s Kitchen \u2013 Meine Lieblingsrezepte\u00a0WEBSITE verpflichtet sich, Ihre Privatsph\u00e4re zu sch\u00fctzen und zu respektieren.\u00a0Diese Richtlinie legt die Grundlage fest, auf der alle personenbezogenen Daten, die&hellip;<\/p>\n","protected":false},"author":1,"featured_media":0,"parent":0,"menu_order":0,"comment_status":"closed","ping_status":"closed","template":"","meta":{"footnotes":""},"class_list":["post-1142","page","type-page","status-publish","hentry"],"_links":{"self":[{"href":"https:\/\/mgreif.com\/myrecipes\/wp-json\/wp\/v2\/pages\/1142","targetHints":{"allow":["GET"]}}],"collection":[{"href":"https:\/\/mgreif.com\/myrecipes\/wp-json\/wp\/v2\/pages"}],"about":[{"href":"https:\/\/mgreif.com\/myrecipes\/wp-json\/wp\/v2\/types\/page"}],"author":[{"embeddable":true,"href":"https:\/\/mgreif.com\/myrecipes\/wp-json\/wp\/v2\/users\/1"}],"replies":[{"embeddable":true,"href":"https:\/\/mgreif.com\/myrecipes\/wp-json\/wp\/v2\/comments?post=1142"}],"version-history":[{"count":0,"href":"https:\/\/mgreif.com\/myrecipes\/wp-json\/wp\/v2\/pages\/1142\/revisions"}],"wp:attachment":[{"href":"https:\/\/mgreif.com\/myrecipes\/wp-json\/wp\/v2\/media?parent=1142"}],"curies":[{"name":"wp","href":"https:\/\/api.w.org\/{rel}","templated":true}]}}