{"id":109,"date":"2020-04-16T07:53:40","date_gmt":"2020-04-16T07:53:40","guid":{"rendered":"https:\/\/demos.kadencewp.com\/food\/?page_id=109"},"modified":"2024-06-27T11:03:55","modified_gmt":"2024-06-27T01:33:55","slug":"about","status":"publish","type":"page","link":"https:\/\/mgreif.com\/myrecipes\/about\/","title":{"rendered":"\u00dcber mich"},"content":{"rendered":"\r\n<div class=\"wp-block-kadence-rowlayout alignnone\">\r\n<div id=\"kt-layout-id_a5b8a9-28\" class=\"kt-row-layout-inner  kt-layout-id_a5b8a9-28\">\r\n<div class=\"kt-row-column-wrap kt-has-2-columns kt-gutter-wider kt-v-gutter-default kt-row-valign-middle kt-row-layout-equal kt-tab-layout-inherit kt-m-colapse-left-to-right kt-mobile-layout-row\">\r\n<div class=\"wp-block-kadence-column inner-column-1 kadence-column_7230c7-1d\">\r\n<div class=\"kt-inside-inner-col\">\u00a0<\/div>\r\n<\/div>\r\n<\/div>\r\n<p><img fetchpriority=\"high\" decoding=\"async\" class=\"alignnone wp-image-746 size-full\" src=\"https:\/\/mgreif.com\/myrecipes\/wp-content\/uploads\/2023\/01\/friends-and-family-enjoying-dinner.jpg\" alt=\"\" width=\"900\" height=\"450\" srcset=\"https:\/\/mgreif.com\/myrecipes\/wp-content\/uploads\/2023\/01\/friends-and-family-enjoying-dinner.jpg 900w, https:\/\/mgreif.com\/myrecipes\/wp-content\/uploads\/2023\/01\/friends-and-family-enjoying-dinner-300x150.jpg 300w, https:\/\/mgreif.com\/myrecipes\/wp-content\/uploads\/2023\/01\/friends-and-family-enjoying-dinner-768x384.jpg 768w\" sizes=\"(max-width: 900px) 100vw, 900px\" \/><\/p>\r\n<div class=\"elementor-element elementor-element-4e15648 elementor-widget elementor-widget-penci-fancy_heading\" data-id=\"4e15648\" data-element_type=\"widget\" data-widget_type=\"penci-fancy_heading.default\">\r\n<div class=\"elementor-widget-container\">\r\n<div class=\"penci-fancy-heading penci-heading-text-center\">\r\n<div class=\"penci-fancy-heading-inner\">\r\n<div class=\"penci-heading-subtitle\">Wer schreibt hier?<\/div>\r\n<div><img decoding=\"async\" class=\"alignleft wp-image-1167 size-thumbnail\" src=\"https:\/\/mgreif.com\/myrecipes\/wp-content\/uploads\/2023\/03\/DSC01452-Copy-150x150.jpg\" alt=\"\" width=\"150\" height=\"150\" srcset=\"https:\/\/mgreif.com\/myrecipes\/wp-content\/uploads\/2023\/03\/DSC01452-Copy-150x150.jpg 150w, https:\/\/mgreif.com\/myrecipes\/wp-content\/uploads\/2023\/03\/DSC01452-Copy-410x410.jpg 410w\" sizes=\"(max-width: 150px) 100vw, 150px\" \/><\/div>\r\n<div>\r\n<h2>Hi! Ich bin Manfred.<\/h2>\r\n<h5>Ich glaube, gutes Essen ist nicht alleine wie es schmeckt, es ist vielmehr mit wem es dir schmeckt.<\/h5>\r\n<p>&nbsp;<\/p>\r\n<\/div>\r\n<div>Ich koche mit Leidenschaft und liebe die einfache K\u00fcche. Schnell und lecker schlie\u00dfen sich da nicht aus.<\/div>\r\n<div>\u00a0<\/div>\r\n<\/div>\r\n<\/div>\r\n<\/div>\r\n<\/div>\r\n<div class=\"elementor-element elementor-element-c474d43 elementor-widget elementor-widget-text-editor\" data-id=\"c474d43\" data-element_type=\"widget\" data-widget_type=\"text-editor.default\">\r\n<div class=\"elementor-widget-container\">\r\n<p>Ich liebe schn\u00f6rkellose, leicht verst\u00e4ndliche Rezepte mit Zutaten, die in jedem klassischen Supermarkt zu finden sind.<\/p>\r\n<p>Ich wei\u00df, wie \u00e4rgerlich es ist, wenn man sich auf neue Rezepte einl\u00e4sst, die dann einfach nicht funktionieren.<\/p>\r\n<p>Damit Euch das mit den Rezepten auf Manfred&#8217;s Kitchen nicht passiert, landen die Gerichte vor der Ver\u00f6ffentlichung mehrfach bei uns zu Hause auf den Tellern und m\u00fcssen durch die Familienpr\u00fcfung.<\/p>\r\n<p><span class=\"color_15\">Eine gesunde Ern\u00e4hrung beginnt damit, dass man wei\u00df, was in seinem Essen steckt. Ein Restaurantbesuch ist zwar einfach und macht Spa\u00df, aber es geht doch nichts \u00fcber ein frisch gekochtes, hausgemachtes Essen.<br \/><br \/>Ich glaube, dass gesundes Essen nicht langweilig sein muss und Gourmetk\u00fcche nicht schwierig sein muss. Meine K\u00fcche vereint beides: Sie bietet leicht nachzukochende Rezepte, bei denen deine Ern\u00e4hrungsgewohnheiten im Vordergrund stehen. Bist du bereit, deine K\u00fcche in einen kulinarischen Spielplatz zu verwandeln? In meinem Blog findest du neue Ideen, die du immer wieder kochen m\u00f6chtest.<\/span><\/p>\r\n<\/div>\r\n<h1>Impressum<\/h1>\r\n<h2>Angaben gem\u00e4\u00df \u00a7 5 TMG<\/h2>\r\n<p>Manfred Greif<br \/>24 Reusch Drive<br \/>Nuriootpa SA 5355<\/p>\r\n<h2>Kontakt<\/h2>\r\n<p>E-Mail: mail@mgreif.com<\/p>\r\n<\/div>\r\n<p><script async src=\"https:\/\/pagead2.googlesyndication.com\/pagead\/js\/adsbygoogle.js?client=ca-pub-5818758647109599\"\r\n     crossorigin=\"anonymous\"><\/script><\/p>\r\n<!-- My Favorite Recipes -->\r\n<p><ins class=\"adsbygoogle\" style=\"display: block;\" data-ad-client=\"ca-pub-5818758647109599\" data-ad-slot=\"7145372554\" data-ad-format=\"auto\" data-full-width-responsive=\"true\"><\/ins> <script>\r\n     (adsbygoogle = window.adsbygoogle || []).push({});\r\n<\/script><\/p>\r\n<\/div>\r\n<\/div>\r\n<p>&nbsp;<\/p>\r\n<!-- My Favorite Recipes -->\r\n<p>&nbsp;<\/p>","protected":false},"excerpt":{"rendered":"","protected":false},"author":1,"featured_media":0,"parent":0,"menu_order":0,"comment_status":"closed","ping_status":"closed","template":"","meta":{"footnotes":""},"class_list":["post-109","page","type-page","status-publish","hentry"],"_links":{"self":[{"href":"https:\/\/mgreif.com\/myrecipes\/wp-json\/wp\/v2\/pages\/109","targetHints":{"allow":["GET"]}}],"collection":[{"href":"https:\/\/mgreif.com\/myrecipes\/wp-json\/wp\/v2\/pages"}],"about":[{"href":"https:\/\/mgreif.com\/myrecipes\/wp-json\/wp\/v2\/types\/page"}],"author":[{"embeddable":true,"href":"https:\/\/mgreif.com\/myrecipes\/wp-json\/wp\/v2\/users\/1"}],"replies":[{"embeddable":true,"href":"https:\/\/mgreif.com\/myrecipes\/wp-json\/wp\/v2\/comments?post=109"}],"version-history":[{"count":1,"href":"https:\/\/mgreif.com\/myrecipes\/wp-json\/wp\/v2\/pages\/109\/revisions"}],"predecessor-version":[{"id":4022,"href":"https:\/\/mgreif.com\/myrecipes\/wp-json\/wp\/v2\/pages\/109\/revisions\/4022"}],"wp:attachment":[{"href":"https:\/\/mgreif.com\/myrecipes\/wp-json\/wp\/v2\/media?parent=109"}],"curies":[{"name":"wp","href":"https:\/\/api.w.org\/{rel}","templated":true}]}}